{"id":271,"date":"2025-11-08T11:03:05","date_gmt":"2025-11-08T11:03:05","guid":{"rendered":"https:\/\/subterio.com\/strona-glowna\/"},"modified":"2025-11-25T12:36:14","modified_gmt":"2025-11-25T12:36:14","slug":"strona-glowna","status":"publish","type":"page","link":"https:\/\/subterio.com\/pl\/","title":{"rendered":"Strona g\u0142\u00f3wna"},"content":{"rendered":"<h1>Rozwi\u0105zania dla ogrod\u00f3w premium<\/h1>\n<p>Podnie\u015b sw\u00f3j samoch\u00f3d lub ogr\u00f3d na wy\u017cszy poziom z Subterio &#8211; polskie luksusowe rozwi\u0105zania dla ogrod\u00f3w premium, powsta\u0142e dzi\u0119ki inteligentnemu projektowaniu.<\/p>\n","protected":false},"excerpt":{"rendered":"<p>Rozwi\u0105zania dla ogrod\u00f3w premium Podnie\u015b sw\u00f3j samoch\u00f3d lub ogr\u00f3d na wy\u017cszy poziom z Subterio &#8211; polskie luksusowe rozwi\u0105zania dla ogrod\u00f3w premium, powsta\u0142e dzi\u0119ki inteligentnemu projektowaniu.<\/p>\n","protected":false},"author":1,"featured_media":278,"parent":0,"menu_order":0,"comment_status":"closed","ping_status":"closed","template":"","meta":{"_acf_changed":false,"footnotes":""},"class_list":["post-271","page","type-page","status-publish","has-post-thumbnail","hentry"],"acf":[],"yoast_head":"<!-- This site is optimized with the Yoast SEO plugin v27.3 - https:\/\/yoast.com\/product\/yoast-seo-wordpress\/ -->\n<title>Rozwi\u0105zania dla ogrod\u00f3w premium | Subterio<\/title>\n<meta name=\"description\" content=\"Podnie\u015b sw\u00f3j samoch\u00f3d lub ogr\u00f3d na wy\u017cszy poziom z Subterio - polskie rozwi\u0105zania dla ogrod\u00f3w premium. Kliknij i sprawd\u017a wi\u0119cej!\" \/>\n<meta name=\"robots\" content=\"index, follow, max-snippet:-1, max-image-preview:large, max-video-preview:-1\" \/>\n<link rel=\"canonical\" href=\"https:\/\/subterio.com\/pl\/\" \/>\n<meta property=\"og:locale\" content=\"pl_PL\" \/>\n<meta property=\"og:type\" content=\"article\" \/>\n<meta property=\"og:title\" content=\"Rozwi\u0105zania dla ogrod\u00f3w premium | Subterio\" \/>\n<meta property=\"og:description\" content=\"Podnie\u015b sw\u00f3j samoch\u00f3d lub ogr\u00f3d na wy\u017cszy poziom z Subterio - polskie rozwi\u0105zania dla ogrod\u00f3w premium. Kliknij i sprawd\u017a wi\u0119cej!\" \/>\n<meta property=\"og:url\" content=\"https:\/\/subterio.com\/pl\/\" \/>\n<meta property=\"og:site_name\" content=\"Subterio\" \/>\n<meta property=\"article:publisher\" content=\"https:\/\/www.facebook.com\/subterio.official\/\" \/>\n<meta property=\"article:modified_time\" content=\"2025-11-25T12:36:14+00:00\" \/>\n<meta property=\"og:image\" content=\"https:\/\/subterio.com\/wp-content\/uploads\/2025\/11\/2025-szef-carlift-20.jpg\" \/>\n\t<meta property=\"og:image:width\" content=\"2500\" \/>\n\t<meta property=\"og:image:height\" content=\"1667\" \/>\n\t<meta property=\"og:image:type\" content=\"image\/jpeg\" \/>\n<meta name=\"twitter:card\" content=\"summary_large_image\" \/>\n<meta name=\"twitter:label1\" content=\"Szacowany czas czytania\" \/>\n\t<meta name=\"twitter:data1\" content=\"2 minuty\" \/>\n<script type=\"application\/ld+json\" class=\"yoast-schema-graph\">{\"@context\":\"https:\\\/\\\/schema.org\",\"@graph\":[{\"@type\":\"WebPage\",\"@id\":\"https:\\\/\\\/subterio.com\\\/pl\\\/\",\"url\":\"https:\\\/\\\/subterio.com\\\/pl\\\/\",\"name\":\"Rozwi\u0105zania dla ogrod\u00f3w premium | Subterio\",\"isPartOf\":{\"@id\":\"https:\\\/\\\/subterio.com\\\/pl\\\/#website\"},\"primaryImageOfPage\":{\"@id\":\"https:\\\/\\\/subterio.com\\\/pl\\\/#primaryimage\"},\"image\":{\"@id\":\"https:\\\/\\\/subterio.com\\\/pl\\\/#primaryimage\"},\"thumbnailUrl\":\"https:\\\/\\\/subterio.com\\\/wp-content\\\/uploads\\\/2025\\\/11\\\/2025-szef-carlift-20.jpg\",\"datePublished\":\"2025-11-08T11:03:05+00:00\",\"dateModified\":\"2025-11-25T12:36:14+00:00\",\"description\":\"Podnie\u015b sw\u00f3j samoch\u00f3d lub ogr\u00f3d na wy\u017cszy poziom z Subterio - polskie rozwi\u0105zania dla ogrod\u00f3w premium. Kliknij i sprawd\u017a wi\u0119cej!\",\"breadcrumb\":{\"@id\":\"https:\\\/\\\/subterio.com\\\/pl\\\/#breadcrumb\"},\"inLanguage\":\"pl-PL\",\"potentialAction\":[{\"@type\":\"ReadAction\",\"target\":[\"https:\\\/\\\/subterio.com\\\/pl\\\/\"]}]},{\"@type\":\"ImageObject\",\"inLanguage\":\"pl-PL\",\"@id\":\"https:\\\/\\\/subterio.com\\\/pl\\\/#primaryimage\",\"url\":\"https:\\\/\\\/subterio.com\\\/wp-content\\\/uploads\\\/2025\\\/11\\\/2025-szef-carlift-20.jpg\",\"contentUrl\":\"https:\\\/\\\/subterio.com\\\/wp-content\\\/uploads\\\/2025\\\/11\\\/2025-szef-carlift-20.jpg\",\"width\":2500,\"height\":1667},{\"@type\":\"BreadcrumbList\",\"@id\":\"https:\\\/\\\/subterio.com\\\/pl\\\/#breadcrumb\",\"itemListElement\":[{\"@type\":\"ListItem\",\"position\":1,\"name\":\"Subterio\",\"item\":\"https:\\\/\\\/subterio.com\\\/pl\\\/\"},{\"@type\":\"ListItem\",\"position\":2,\"name\":\"Strona g\u0142\u00f3wna\"}]},{\"@type\":\"WebSite\",\"@id\":\"https:\\\/\\\/subterio.com\\\/pl\\\/#website\",\"url\":\"https:\\\/\\\/subterio.com\\\/pl\\\/\",\"name\":\"Subterio\",\"description\":\"\",\"publisher\":{\"@id\":\"https:\\\/\\\/subterio.com\\\/pl\\\/#organization\"},\"potentialAction\":[{\"@type\":\"SearchAction\",\"target\":{\"@type\":\"EntryPoint\",\"urlTemplate\":\"https:\\\/\\\/subterio.com\\\/pl\\\/?s={search_term_string}\"},\"query-input\":{\"@type\":\"PropertyValueSpecification\",\"valueRequired\":true,\"valueName\":\"search_term_string\"}}],\"inLanguage\":\"pl-PL\"},{\"@type\":\"Organization\",\"@id\":\"https:\\\/\\\/subterio.com\\\/pl\\\/#organization\",\"name\":\"Subterio\",\"url\":\"https:\\\/\\\/subterio.com\\\/pl\\\/\",\"logo\":{\"@type\":\"ImageObject\",\"inLanguage\":\"pl-PL\",\"@id\":\"https:\\\/\\\/subterio.com\\\/pl\\\/#\\\/schema\\\/logo\\\/image\\\/\",\"url\":\"https:\\\/\\\/subterio.com\\\/wp-content\\\/uploads\\\/2025\\\/11\\\/Subterio_Logo.png\",\"contentUrl\":\"https:\\\/\\\/subterio.com\\\/wp-content\\\/uploads\\\/2025\\\/11\\\/Subterio_Logo.png\",\"width\":582,\"height\":100,\"caption\":\"Subterio\"},\"image\":{\"@id\":\"https:\\\/\\\/subterio.com\\\/pl\\\/#\\\/schema\\\/logo\\\/image\\\/\"},\"sameAs\":[\"https:\\\/\\\/www.facebook.com\\\/subterio.official\\\/\",\"https:\\\/\\\/www.instagram.com\\\/subterio.official\\\/\",\"https:\\\/\\\/www.linkedin.com\\\/company\\\/subterio\\\/\",\"https:\\\/\\\/www.youtube.com\\\/@subterio.official\",\"https:\\\/\\\/www.tiktok.com\\\/@subterio_official\"]}]}<\/script>\n<!-- \/ Yoast SEO plugin. -->","yoast_head_json":{"title":"Rozwi\u0105zania dla ogrod\u00f3w premium | Subterio","description":"Podnie\u015b sw\u00f3j samoch\u00f3d lub ogr\u00f3d na wy\u017cszy poziom z Subterio - polskie rozwi\u0105zania dla ogrod\u00f3w premium. Kliknij i sprawd\u017a wi\u0119cej!","robots":{"index":"index","follow":"follow","max-snippet":"max-snippet:-1","max-image-preview":"max-image-preview:large","max-video-preview":"max-video-preview:-1"},"canonical":"https:\/\/subterio.com\/pl\/","og_locale":"pl_PL","og_type":"article","og_title":"Rozwi\u0105zania dla ogrod\u00f3w premium | Subterio","og_description":"Podnie\u015b sw\u00f3j samoch\u00f3d lub ogr\u00f3d na wy\u017cszy poziom z Subterio - polskie rozwi\u0105zania dla ogrod\u00f3w premium. Kliknij i sprawd\u017a wi\u0119cej!","og_url":"https:\/\/subterio.com\/pl\/","og_site_name":"Subterio","article_publisher":"https:\/\/www.facebook.com\/subterio.official\/","article_modified_time":"2025-11-25T12:36:14+00:00","og_image":[{"width":2500,"height":1667,"url":"https:\/\/subterio.com\/wp-content\/uploads\/2025\/11\/2025-szef-carlift-20.jpg","type":"image\/jpeg"}],"twitter_card":"summary_large_image","twitter_misc":{"Szacowany czas czytania":"2 minuty"},"schema":{"@context":"https:\/\/schema.org","@graph":[{"@type":"WebPage","@id":"https:\/\/subterio.com\/pl\/","url":"https:\/\/subterio.com\/pl\/","name":"Rozwi\u0105zania dla ogrod\u00f3w premium | Subterio","isPartOf":{"@id":"https:\/\/subterio.com\/pl\/#website"},"primaryImageOfPage":{"@id":"https:\/\/subterio.com\/pl\/#primaryimage"},"image":{"@id":"https:\/\/subterio.com\/pl\/#primaryimage"},"thumbnailUrl":"https:\/\/subterio.com\/wp-content\/uploads\/2025\/11\/2025-szef-carlift-20.jpg","datePublished":"2025-11-08T11:03:05+00:00","dateModified":"2025-11-25T12:36:14+00:00","description":"Podnie\u015b sw\u00f3j samoch\u00f3d lub ogr\u00f3d na wy\u017cszy poziom z Subterio - polskie rozwi\u0105zania dla ogrod\u00f3w premium. Kliknij i sprawd\u017a wi\u0119cej!","breadcrumb":{"@id":"https:\/\/subterio.com\/pl\/#breadcrumb"},"inLanguage":"pl-PL","potentialAction":[{"@type":"ReadAction","target":["https:\/\/subterio.com\/pl\/"]}]},{"@type":"ImageObject","inLanguage":"pl-PL","@id":"https:\/\/subterio.com\/pl\/#primaryimage","url":"https:\/\/subterio.com\/wp-content\/uploads\/2025\/11\/2025-szef-carlift-20.jpg","contentUrl":"https:\/\/subterio.com\/wp-content\/uploads\/2025\/11\/2025-szef-carlift-20.jpg","width":2500,"height":1667},{"@type":"BreadcrumbList","@id":"https:\/\/subterio.com\/pl\/#breadcrumb","itemListElement":[{"@type":"ListItem","position":1,"name":"Subterio","item":"https:\/\/subterio.com\/pl\/"},{"@type":"ListItem","position":2,"name":"Strona g\u0142\u00f3wna"}]},{"@type":"WebSite","@id":"https:\/\/subterio.com\/pl\/#website","url":"https:\/\/subterio.com\/pl\/","name":"Subterio","description":"","publisher":{"@id":"https:\/\/subterio.com\/pl\/#organization"},"potentialAction":[{"@type":"SearchAction","target":{"@type":"EntryPoint","urlTemplate":"https:\/\/subterio.com\/pl\/?s={search_term_string}"},"query-input":{"@type":"PropertyValueSpecification","valueRequired":true,"valueName":"search_term_string"}}],"inLanguage":"pl-PL"},{"@type":"Organization","@id":"https:\/\/subterio.com\/pl\/#organization","name":"Subterio","url":"https:\/\/subterio.com\/pl\/","logo":{"@type":"ImageObject","inLanguage":"pl-PL","@id":"https:\/\/subterio.com\/pl\/#\/schema\/logo\/image\/","url":"https:\/\/subterio.com\/wp-content\/uploads\/2025\/11\/Subterio_Logo.png","contentUrl":"https:\/\/subterio.com\/wp-content\/uploads\/2025\/11\/Subterio_Logo.png","width":582,"height":100,"caption":"Subterio"},"image":{"@id":"https:\/\/subterio.com\/pl\/#\/schema\/logo\/image\/"},"sameAs":["https:\/\/www.facebook.com\/subterio.official\/","https:\/\/www.instagram.com\/subterio.official\/","https:\/\/www.linkedin.com\/company\/subterio\/","https:\/\/www.youtube.com\/@subterio.official","https:\/\/www.tiktok.com\/@subterio_official"]}]}},"_links":{"self":[{"href":"https:\/\/subterio.com\/pl\/wp-json\/wp\/v2\/pages\/271","targetHints":{"allow":["GET"]}}],"collection":[{"href":"https:\/\/subterio.com\/pl\/wp-json\/wp\/v2\/pages"}],"about":[{"href":"https:\/\/subterio.com\/pl\/wp-json\/wp\/v2\/types\/page"}],"author":[{"embeddable":true,"href":"https:\/\/subterio.com\/pl\/wp-json\/wp\/v2\/users\/1"}],"replies":[{"embeddable":true,"href":"https:\/\/subterio.com\/pl\/wp-json\/wp\/v2\/comments?post=271"}],"version-history":[{"count":0,"href":"https:\/\/subterio.com\/pl\/wp-json\/wp\/v2\/pages\/271\/revisions"}],"wp:featuredmedia":[{"embeddable":true,"href":"https:\/\/subterio.com\/pl\/wp-json\/wp\/v2\/media\/278"}],"wp:attachment":[{"href":"https:\/\/subterio.com\/pl\/wp-json\/wp\/v2\/media?parent=271"}],"curies":[{"name":"wp","href":"https:\/\/api.w.org\/{rel}","templated":true}]}}