{"id":728,"date":"2025-11-19T17:46:27","date_gmt":"2025-11-19T17:46:27","guid":{"rendered":"https:\/\/subterio.com\/produkt-konfigurator\/"},"modified":"2026-03-27T10:38:36","modified_gmt":"2026-03-27T10:38:36","slug":"konfigurator","status":"publish","type":"page","link":"https:\/\/subterio.com\/de\/konfigurator\/","title":{"rendered":"Konfigurator"},"content":{"rendered":"<h1>Konfigurator<\/h1>\n","protected":false},"excerpt":{"rendered":"<p>Konfigurator<\/p>\n","protected":false},"author":2,"featured_media":0,"parent":0,"menu_order":0,"comment_status":"closed","ping_status":"closed","template":"tpl-configurator.php","meta":{"_acf_changed":false,"footnotes":""},"class_list":["post-728","page","type-page","status-publish","hentry"],"acf":[],"yoast_head":"<!-- This site is optimized with the Yoast SEO plugin v27.3 - https:\/\/yoast.com\/product\/yoast-seo-wordpress\/ -->\n<title>Produkt-Konfigurator | Subterio<\/title>\n<meta name=\"description\" content=\"Konfigurieren Sie Ihre Tiefgarage, Parkplattform oder Au\u00dfenk\u00fcche. W\u00e4hlen Sie das Modell und entwerfen Sie eine auf Ihren Raum zugeschnittene L\u00f6sung.\" \/>\n<meta name=\"robots\" content=\"index, follow, max-snippet:-1, max-image-preview:large, max-video-preview:-1\" \/>\n<link rel=\"canonical\" href=\"https:\/\/subterio.com\/de\/konfigurator\/\" \/>\n<meta property=\"og:locale\" content=\"de_DE\" \/>\n<meta property=\"og:type\" content=\"article\" \/>\n<meta property=\"og:title\" content=\"Produkt-Konfigurator | Subterio\" \/>\n<meta property=\"og:description\" content=\"Konfigurieren Sie Ihre Tiefgarage, Parkplattform oder Au\u00dfenk\u00fcche. W\u00e4hlen Sie das Modell und entwerfen Sie eine auf Ihren Raum zugeschnittene L\u00f6sung.\" \/>\n<meta property=\"og:url\" content=\"https:\/\/subterio.com\/de\/konfigurator\/\" \/>\n<meta property=\"og:site_name\" content=\"Subterio\" \/>\n<meta property=\"article:publisher\" content=\"https:\/\/www.facebook.com\/subterio.official\/\" \/>\n<meta property=\"article:modified_time\" content=\"2026-03-27T10:38:36+00:00\" \/>\n<meta name=\"twitter:card\" content=\"summary_large_image\" \/>\n<meta name=\"twitter:label1\" content=\"Gesch\u00e4tzte Lesezeit\" \/>\n\t<meta name=\"twitter:data1\" content=\"1\u00a0Minute\" \/>\n<script type=\"application\/ld+json\" class=\"yoast-schema-graph\">{\"@context\":\"https:\\\/\\\/schema.org\",\"@graph\":[{\"@type\":\"WebPage\",\"@id\":\"https:\\\/\\\/subterio.com\\\/de\\\/konfigurator\\\/\",\"url\":\"https:\\\/\\\/subterio.com\\\/de\\\/konfigurator\\\/\",\"name\":\"Produkt-Konfigurator | Subterio\",\"isPartOf\":{\"@id\":\"https:\\\/\\\/subterio.com\\\/de\\\/#website\"},\"datePublished\":\"2025-11-19T17:46:27+00:00\",\"dateModified\":\"2026-03-27T10:38:36+00:00\",\"description\":\"Konfigurieren Sie Ihre Tiefgarage, Parkplattform oder Au\u00dfenk\u00fcche. W\u00e4hlen Sie das Modell und entwerfen Sie eine auf Ihren Raum zugeschnittene L\u00f6sung.\",\"breadcrumb\":{\"@id\":\"https:\\\/\\\/subterio.com\\\/de\\\/konfigurator\\\/#breadcrumb\"},\"inLanguage\":\"de\",\"potentialAction\":[{\"@type\":\"ReadAction\",\"target\":[\"https:\\\/\\\/subterio.com\\\/de\\\/konfigurator\\\/\"]}]},{\"@type\":\"BreadcrumbList\",\"@id\":\"https:\\\/\\\/subterio.com\\\/de\\\/konfigurator\\\/#breadcrumb\",\"itemListElement\":[{\"@type\":\"ListItem\",\"position\":1,\"name\":\"Subterio\",\"item\":\"https:\\\/\\\/subterio.com\\\/de\\\/\"},{\"@type\":\"ListItem\",\"position\":2,\"name\":\"Konfigurator\"}]},{\"@type\":\"WebSite\",\"@id\":\"https:\\\/\\\/subterio.com\\\/de\\\/#website\",\"url\":\"https:\\\/\\\/subterio.com\\\/de\\\/\",\"name\":\"Subterio\",\"description\":\"\",\"publisher\":{\"@id\":\"https:\\\/\\\/subterio.com\\\/de\\\/#organization\"},\"potentialAction\":[{\"@type\":\"SearchAction\",\"target\":{\"@type\":\"EntryPoint\",\"urlTemplate\":\"https:\\\/\\\/subterio.com\\\/de\\\/?s={search_term_string}\"},\"query-input\":{\"@type\":\"PropertyValueSpecification\",\"valueRequired\":true,\"valueName\":\"search_term_string\"}}],\"inLanguage\":\"de\"},{\"@type\":\"Organization\",\"@id\":\"https:\\\/\\\/subterio.com\\\/de\\\/#organization\",\"name\":\"Subterio\",\"url\":\"https:\\\/\\\/subterio.com\\\/de\\\/\",\"logo\":{\"@type\":\"ImageObject\",\"inLanguage\":\"de\",\"@id\":\"https:\\\/\\\/subterio.com\\\/de\\\/#\\\/schema\\\/logo\\\/image\\\/\",\"url\":\"https:\\\/\\\/subterio.com\\\/wp-content\\\/uploads\\\/2025\\\/11\\\/Subterio_Logo.png\",\"contentUrl\":\"https:\\\/\\\/subterio.com\\\/wp-content\\\/uploads\\\/2025\\\/11\\\/Subterio_Logo.png\",\"width\":582,\"height\":100,\"caption\":\"Subterio\"},\"image\":{\"@id\":\"https:\\\/\\\/subterio.com\\\/de\\\/#\\\/schema\\\/logo\\\/image\\\/\"},\"sameAs\":[\"https:\\\/\\\/www.facebook.com\\\/subterio.official\\\/\",\"https:\\\/\\\/www.instagram.com\\\/subterio.official\\\/\",\"https:\\\/\\\/www.linkedin.com\\\/company\\\/subterio\\\/\",\"https:\\\/\\\/www.youtube.com\\\/@subterio.official\",\"https:\\\/\\\/www.tiktok.com\\\/@subterio_official\"]}]}<\/script>\n<!-- \/ Yoast SEO plugin. -->","yoast_head_json":{"title":"Produkt-Konfigurator | Subterio","description":"Konfigurieren Sie Ihre Tiefgarage, Parkplattform oder Au\u00dfenk\u00fcche. W\u00e4hlen Sie das Modell und entwerfen Sie eine auf Ihren Raum zugeschnittene L\u00f6sung.","robots":{"index":"index","follow":"follow","max-snippet":"max-snippet:-1","max-image-preview":"max-image-preview:large","max-video-preview":"max-video-preview:-1"},"canonical":"https:\/\/subterio.com\/de\/konfigurator\/","og_locale":"de_DE","og_type":"article","og_title":"Produkt-Konfigurator | Subterio","og_description":"Konfigurieren Sie Ihre Tiefgarage, Parkplattform oder Au\u00dfenk\u00fcche. W\u00e4hlen Sie das Modell und entwerfen Sie eine auf Ihren Raum zugeschnittene L\u00f6sung.","og_url":"https:\/\/subterio.com\/de\/konfigurator\/","og_site_name":"Subterio","article_publisher":"https:\/\/www.facebook.com\/subterio.official\/","article_modified_time":"2026-03-27T10:38:36+00:00","twitter_card":"summary_large_image","twitter_misc":{"Gesch\u00e4tzte Lesezeit":"1\u00a0Minute"},"schema":{"@context":"https:\/\/schema.org","@graph":[{"@type":"WebPage","@id":"https:\/\/subterio.com\/de\/konfigurator\/","url":"https:\/\/subterio.com\/de\/konfigurator\/","name":"Produkt-Konfigurator | Subterio","isPartOf":{"@id":"https:\/\/subterio.com\/de\/#website"},"datePublished":"2025-11-19T17:46:27+00:00","dateModified":"2026-03-27T10:38:36+00:00","description":"Konfigurieren Sie Ihre Tiefgarage, Parkplattform oder Au\u00dfenk\u00fcche. W\u00e4hlen Sie das Modell und entwerfen Sie eine auf Ihren Raum zugeschnittene L\u00f6sung.","breadcrumb":{"@id":"https:\/\/subterio.com\/de\/konfigurator\/#breadcrumb"},"inLanguage":"de","potentialAction":[{"@type":"ReadAction","target":["https:\/\/subterio.com\/de\/konfigurator\/"]}]},{"@type":"BreadcrumbList","@id":"https:\/\/subterio.com\/de\/konfigurator\/#breadcrumb","itemListElement":[{"@type":"ListItem","position":1,"name":"Subterio","item":"https:\/\/subterio.com\/de\/"},{"@type":"ListItem","position":2,"name":"Konfigurator"}]},{"@type":"WebSite","@id":"https:\/\/subterio.com\/de\/#website","url":"https:\/\/subterio.com\/de\/","name":"Subterio","description":"","publisher":{"@id":"https:\/\/subterio.com\/de\/#organization"},"potentialAction":[{"@type":"SearchAction","target":{"@type":"EntryPoint","urlTemplate":"https:\/\/subterio.com\/de\/?s={search_term_string}"},"query-input":{"@type":"PropertyValueSpecification","valueRequired":true,"valueName":"search_term_string"}}],"inLanguage":"de"},{"@type":"Organization","@id":"https:\/\/subterio.com\/de\/#organization","name":"Subterio","url":"https:\/\/subterio.com\/de\/","logo":{"@type":"ImageObject","inLanguage":"de","@id":"https:\/\/subterio.com\/de\/#\/schema\/logo\/image\/","url":"https:\/\/subterio.com\/wp-content\/uploads\/2025\/11\/Subterio_Logo.png","contentUrl":"https:\/\/subterio.com\/wp-content\/uploads\/2025\/11\/Subterio_Logo.png","width":582,"height":100,"caption":"Subterio"},"image":{"@id":"https:\/\/subterio.com\/de\/#\/schema\/logo\/image\/"},"sameAs":["https:\/\/www.facebook.com\/subterio.official\/","https:\/\/www.instagram.com\/subterio.official\/","https:\/\/www.linkedin.com\/company\/subterio\/","https:\/\/www.youtube.com\/@subterio.official","https:\/\/www.tiktok.com\/@subterio_official"]}]}},"_links":{"self":[{"href":"https:\/\/subterio.com\/de\/wp-json\/wp\/v2\/pages\/728","targetHints":{"allow":["GET"]}}],"collection":[{"href":"https:\/\/subterio.com\/de\/wp-json\/wp\/v2\/pages"}],"about":[{"href":"https:\/\/subterio.com\/de\/wp-json\/wp\/v2\/types\/page"}],"author":[{"embeddable":true,"href":"https:\/\/subterio.com\/de\/wp-json\/wp\/v2\/users\/2"}],"replies":[{"embeddable":true,"href":"https:\/\/subterio.com\/de\/wp-json\/wp\/v2\/comments?post=728"}],"version-history":[{"count":0,"href":"https:\/\/subterio.com\/de\/wp-json\/wp\/v2\/pages\/728\/revisions"}],"wp:attachment":[{"href":"https:\/\/subterio.com\/de\/wp-json\/wp\/v2\/media?parent=728"}],"curies":[{"name":"wp","href":"https:\/\/api.w.org\/{rel}","templated":true}]}}