{"id":715,"date":"2025-11-08T11:03:05","date_gmt":"2025-11-08T11:03:05","guid":{"rendered":"https:\/\/subterio.com\/startseite\/"},"modified":"2026-03-27T11:35:56","modified_gmt":"2026-03-27T11:35:56","slug":"startseite","status":"publish","type":"page","link":"https:\/\/subterio.com\/de\/","title":{"rendered":"Startseite"},"content":{"rendered":"<h1>Outdoor-Wohnrauml\u00f6sungen<\/h1>\n<p>Bringen Sie Ihr Auto oder Ihren Garten auf ein h\u00f6heres Niveau mit Subterio \u2013 polnische Outdoor-Wohnrauml\u00f6sungen, entstanden aus intelligenter Ingenieurkunst.<\/p>\n","protected":false},"excerpt":{"rendered":"<p>Outdoor-Wohnrauml\u00f6sungen Bringen Sie Ihr Auto oder Ihren Garten auf ein h\u00f6heres Niveau mit Subterio \u2013 polnische Outdoor-Wohnrauml\u00f6sungen, entstanden aus intelligenter Ingenieurkunst.<\/p>\n","protected":false},"author":1,"featured_media":638,"parent":0,"menu_order":0,"comment_status":"closed","ping_status":"closed","template":"","meta":{"_acf_changed":false,"footnotes":""},"class_list":["post-715","page","type-page","status-publish","has-post-thumbnail","hentry"],"acf":[],"yoast_head":"<!-- This site is optimized with the Yoast SEO plugin v27.3 - https:\/\/yoast.com\/product\/yoast-seo-wordpress\/ -->\n<title>Outdoor-Wohnrauml\u00f6sungen | Subterio<\/title>\n<meta name=\"description\" content=\"Bringen Sie Ihr Auto oder Ihren Garten auf ein h\u00f6heres Niveau mit Subterio \u2013 polnische L\u00f6sungen f\u00fcr Outdoor-Wohnr\u00e4ume.\" \/>\n<meta name=\"robots\" content=\"index, follow, max-snippet:-1, max-image-preview:large, max-video-preview:-1\" \/>\n<link rel=\"canonical\" href=\"https:\/\/subterio.com\/de\/\" \/>\n<meta property=\"og:locale\" content=\"de_DE\" \/>\n<meta property=\"og:type\" content=\"article\" \/>\n<meta property=\"og:title\" content=\"Outdoor-Wohnrauml\u00f6sungen | Subterio\" \/>\n<meta property=\"og:description\" content=\"Bringen Sie Ihr Auto oder Ihren Garten auf ein h\u00f6heres Niveau mit Subterio \u2013 polnische L\u00f6sungen f\u00fcr Outdoor-Wohnr\u00e4ume.\" \/>\n<meta property=\"og:url\" content=\"https:\/\/subterio.com\/de\/\" \/>\n<meta property=\"og:site_name\" content=\"Subterio\" \/>\n<meta property=\"article:publisher\" content=\"https:\/\/www.facebook.com\/subterio.official\/\" \/>\n<meta property=\"article:modified_time\" content=\"2026-03-27T11:35:56+00:00\" \/>\n<meta property=\"og:image\" content=\"https:\/\/subterio.com\/wp-content\/uploads\/2025\/11\/subterio-underground-car-garage.webp\" \/>\n\t<meta property=\"og:image:width\" content=\"1920\" \/>\n\t<meta property=\"og:image:height\" content=\"1080\" \/>\n\t<meta property=\"og:image:type\" content=\"image\/webp\" \/>\n<meta name=\"twitter:card\" content=\"summary_large_image\" \/>\n<meta name=\"twitter:label1\" content=\"Gesch\u00e4tzte Lesezeit\" \/>\n\t<meta name=\"twitter:data1\" content=\"2\u00a0Minuten\" \/>\n<script type=\"application\/ld+json\" class=\"yoast-schema-graph\">{\"@context\":\"https:\\\/\\\/schema.org\",\"@graph\":[{\"@type\":\"WebPage\",\"@id\":\"https:\\\/\\\/subterio.com\\\/de\\\/\",\"url\":\"https:\\\/\\\/subterio.com\\\/de\\\/\",\"name\":\"Outdoor-Wohnrauml\u00f6sungen | Subterio\",\"isPartOf\":{\"@id\":\"https:\\\/\\\/subterio.com\\\/de\\\/#website\"},\"primaryImageOfPage\":{\"@id\":\"https:\\\/\\\/subterio.com\\\/de\\\/#primaryimage\"},\"image\":{\"@id\":\"https:\\\/\\\/subterio.com\\\/de\\\/#primaryimage\"},\"thumbnailUrl\":\"https:\\\/\\\/subterio.com\\\/wp-content\\\/uploads\\\/2025\\\/11\\\/subterio-underground-car-garage.webp\",\"datePublished\":\"2025-11-08T11:03:05+00:00\",\"dateModified\":\"2026-03-27T11:35:56+00:00\",\"description\":\"Bringen Sie Ihr Auto oder Ihren Garten auf ein h\u00f6heres Niveau mit Subterio \u2013 polnische L\u00f6sungen f\u00fcr Outdoor-Wohnr\u00e4ume.\",\"breadcrumb\":{\"@id\":\"https:\\\/\\\/subterio.com\\\/de\\\/#breadcrumb\"},\"inLanguage\":\"de\",\"potentialAction\":[{\"@type\":\"ReadAction\",\"target\":[\"https:\\\/\\\/subterio.com\\\/de\\\/\"]}]},{\"@type\":\"ImageObject\",\"inLanguage\":\"de\",\"@id\":\"https:\\\/\\\/subterio.com\\\/de\\\/#primaryimage\",\"url\":\"https:\\\/\\\/subterio.com\\\/wp-content\\\/uploads\\\/2025\\\/11\\\/subterio-underground-car-garage.webp\",\"contentUrl\":\"https:\\\/\\\/subterio.com\\\/wp-content\\\/uploads\\\/2025\\\/11\\\/subterio-underground-car-garage.webp\",\"width\":1920,\"height\":1080,\"caption\":\"Hydraulische Unterflurgarage, die einen Porsche Panamera in eine versteckte unterirdische Garage einer modernen Luxusvilla absenkt.\"},{\"@type\":\"BreadcrumbList\",\"@id\":\"https:\\\/\\\/subterio.com\\\/de\\\/#breadcrumb\",\"itemListElement\":[{\"@type\":\"ListItem\",\"position\":1,\"name\":\"Subterio\",\"item\":\"https:\\\/\\\/subterio.com\\\/de\\\/\"},{\"@type\":\"ListItem\",\"position\":2,\"name\":\"Startseite\"}]},{\"@type\":\"WebSite\",\"@id\":\"https:\\\/\\\/subterio.com\\\/de\\\/#website\",\"url\":\"https:\\\/\\\/subterio.com\\\/de\\\/\",\"name\":\"Subterio\",\"description\":\"\",\"publisher\":{\"@id\":\"https:\\\/\\\/subterio.com\\\/de\\\/#organization\"},\"potentialAction\":[{\"@type\":\"SearchAction\",\"target\":{\"@type\":\"EntryPoint\",\"urlTemplate\":\"https:\\\/\\\/subterio.com\\\/de\\\/?s={search_term_string}\"},\"query-input\":{\"@type\":\"PropertyValueSpecification\",\"valueRequired\":true,\"valueName\":\"search_term_string\"}}],\"inLanguage\":\"de\"},{\"@type\":\"Organization\",\"@id\":\"https:\\\/\\\/subterio.com\\\/de\\\/#organization\",\"name\":\"Subterio\",\"url\":\"https:\\\/\\\/subterio.com\\\/de\\\/\",\"logo\":{\"@type\":\"ImageObject\",\"inLanguage\":\"de\",\"@id\":\"https:\\\/\\\/subterio.com\\\/de\\\/#\\\/schema\\\/logo\\\/image\\\/\",\"url\":\"https:\\\/\\\/subterio.com\\\/wp-content\\\/uploads\\\/2025\\\/11\\\/Subterio_Logo.png\",\"contentUrl\":\"https:\\\/\\\/subterio.com\\\/wp-content\\\/uploads\\\/2025\\\/11\\\/Subterio_Logo.png\",\"width\":582,\"height\":100,\"caption\":\"Subterio\"},\"image\":{\"@id\":\"https:\\\/\\\/subterio.com\\\/de\\\/#\\\/schema\\\/logo\\\/image\\\/\"},\"sameAs\":[\"https:\\\/\\\/www.facebook.com\\\/subterio.official\\\/\",\"https:\\\/\\\/www.instagram.com\\\/subterio.official\\\/\",\"https:\\\/\\\/www.linkedin.com\\\/company\\\/subterio\\\/\",\"https:\\\/\\\/www.youtube.com\\\/@subterio.official\",\"https:\\\/\\\/www.tiktok.com\\\/@subterio_official\"]}]}<\/script>\n<!-- \/ Yoast SEO plugin. -->","yoast_head_json":{"title":"Outdoor-Wohnrauml\u00f6sungen | Subterio","description":"Bringen Sie Ihr Auto oder Ihren Garten auf ein h\u00f6heres Niveau mit Subterio \u2013 polnische L\u00f6sungen f\u00fcr Outdoor-Wohnr\u00e4ume.","robots":{"index":"index","follow":"follow","max-snippet":"max-snippet:-1","max-image-preview":"max-image-preview:large","max-video-preview":"max-video-preview:-1"},"canonical":"https:\/\/subterio.com\/de\/","og_locale":"de_DE","og_type":"article","og_title":"Outdoor-Wohnrauml\u00f6sungen | Subterio","og_description":"Bringen Sie Ihr Auto oder Ihren Garten auf ein h\u00f6heres Niveau mit Subterio \u2013 polnische L\u00f6sungen f\u00fcr Outdoor-Wohnr\u00e4ume.","og_url":"https:\/\/subterio.com\/de\/","og_site_name":"Subterio","article_publisher":"https:\/\/www.facebook.com\/subterio.official\/","article_modified_time":"2026-03-27T11:35:56+00:00","og_image":[{"width":1920,"height":1080,"url":"https:\/\/subterio.com\/wp-content\/uploads\/2025\/11\/subterio-underground-car-garage.webp","type":"image\/webp"}],"twitter_card":"summary_large_image","twitter_misc":{"Gesch\u00e4tzte Lesezeit":"2\u00a0Minuten"},"schema":{"@context":"https:\/\/schema.org","@graph":[{"@type":"WebPage","@id":"https:\/\/subterio.com\/de\/","url":"https:\/\/subterio.com\/de\/","name":"Outdoor-Wohnrauml\u00f6sungen | Subterio","isPartOf":{"@id":"https:\/\/subterio.com\/de\/#website"},"primaryImageOfPage":{"@id":"https:\/\/subterio.com\/de\/#primaryimage"},"image":{"@id":"https:\/\/subterio.com\/de\/#primaryimage"},"thumbnailUrl":"https:\/\/subterio.com\/wp-content\/uploads\/2025\/11\/subterio-underground-car-garage.webp","datePublished":"2025-11-08T11:03:05+00:00","dateModified":"2026-03-27T11:35:56+00:00","description":"Bringen Sie Ihr Auto oder Ihren Garten auf ein h\u00f6heres Niveau mit Subterio \u2013 polnische L\u00f6sungen f\u00fcr Outdoor-Wohnr\u00e4ume.","breadcrumb":{"@id":"https:\/\/subterio.com\/de\/#breadcrumb"},"inLanguage":"de","potentialAction":[{"@type":"ReadAction","target":["https:\/\/subterio.com\/de\/"]}]},{"@type":"ImageObject","inLanguage":"de","@id":"https:\/\/subterio.com\/de\/#primaryimage","url":"https:\/\/subterio.com\/wp-content\/uploads\/2025\/11\/subterio-underground-car-garage.webp","contentUrl":"https:\/\/subterio.com\/wp-content\/uploads\/2025\/11\/subterio-underground-car-garage.webp","width":1920,"height":1080,"caption":"Hydraulische Unterflurgarage, die einen Porsche Panamera in eine versteckte unterirdische Garage einer modernen Luxusvilla absenkt."},{"@type":"BreadcrumbList","@id":"https:\/\/subterio.com\/de\/#breadcrumb","itemListElement":[{"@type":"ListItem","position":1,"name":"Subterio","item":"https:\/\/subterio.com\/de\/"},{"@type":"ListItem","position":2,"name":"Startseite"}]},{"@type":"WebSite","@id":"https:\/\/subterio.com\/de\/#website","url":"https:\/\/subterio.com\/de\/","name":"Subterio","description":"","publisher":{"@id":"https:\/\/subterio.com\/de\/#organization"},"potentialAction":[{"@type":"SearchAction","target":{"@type":"EntryPoint","urlTemplate":"https:\/\/subterio.com\/de\/?s={search_term_string}"},"query-input":{"@type":"PropertyValueSpecification","valueRequired":true,"valueName":"search_term_string"}}],"inLanguage":"de"},{"@type":"Organization","@id":"https:\/\/subterio.com\/de\/#organization","name":"Subterio","url":"https:\/\/subterio.com\/de\/","logo":{"@type":"ImageObject","inLanguage":"de","@id":"https:\/\/subterio.com\/de\/#\/schema\/logo\/image\/","url":"https:\/\/subterio.com\/wp-content\/uploads\/2025\/11\/Subterio_Logo.png","contentUrl":"https:\/\/subterio.com\/wp-content\/uploads\/2025\/11\/Subterio_Logo.png","width":582,"height":100,"caption":"Subterio"},"image":{"@id":"https:\/\/subterio.com\/de\/#\/schema\/logo\/image\/"},"sameAs":["https:\/\/www.facebook.com\/subterio.official\/","https:\/\/www.instagram.com\/subterio.official\/","https:\/\/www.linkedin.com\/company\/subterio\/","https:\/\/www.youtube.com\/@subterio.official","https:\/\/www.tiktok.com\/@subterio_official"]}]}},"_links":{"self":[{"href":"https:\/\/subterio.com\/de\/wp-json\/wp\/v2\/pages\/715","targetHints":{"allow":["GET"]}}],"collection":[{"href":"https:\/\/subterio.com\/de\/wp-json\/wp\/v2\/pages"}],"about":[{"href":"https:\/\/subterio.com\/de\/wp-json\/wp\/v2\/types\/page"}],"author":[{"embeddable":true,"href":"https:\/\/subterio.com\/de\/wp-json\/wp\/v2\/users\/1"}],"replies":[{"embeddable":true,"href":"https:\/\/subterio.com\/de\/wp-json\/wp\/v2\/comments?post=715"}],"version-history":[{"count":0,"href":"https:\/\/subterio.com\/de\/wp-json\/wp\/v2\/pages\/715\/revisions"}],"wp:featuredmedia":[{"embeddable":true,"href":"https:\/\/subterio.com\/de\/wp-json\/wp\/v2\/media\/638"}],"wp:attachment":[{"href":"https:\/\/subterio.com\/de\/wp-json\/wp\/v2\/media?parent=715"}],"curies":[{"name":"wp","href":"https:\/\/api.w.org\/{rel}","templated":true}]}}